{"id":52,"date":"2024-09-03T12:15:39","date_gmt":"2024-09-03T10:15:39","guid":{"rendered":"http:\/\/yogacoh.cluster029.hosting.ovh.net\/?page_id=52"},"modified":"2024-11-26T21:31:14","modified_gmt":"2024-11-26T20:31:14","slug":"accueil1","status":"publish","type":"page","link":"https:\/\/www.yogacorse.com\/","title":{"rendered":"\u00a0AnavadyaYoga"},"content":{"rendered":"\n<h3 class=\"wp-block-heading has-text-align-center\">&nbsp;&nbsp;&nbsp;&nbsp;<strong><br>&nbsp;<\/strong>Le mot Anavadya signifie en sanscrit : irr\u00e9prochable, pure, sans t\u00e2che.<\/h3>\n\n\n\n<p>Le yoga est une science infinie, dont l&rsquo;origine remonte \u00e0 des mill\u00e9naires, qui comprend une grande vari\u00e9t\u00e9 d&rsquo;exercices et de&nbsp;techniques. Il peut aider les gens dans leur vie quotidienne.&nbsp;Par sa pratique, un adepte peut commencer \u00e0 \u00e9quilibrer tous les aspects de son \u00eatre, physique, \u00e9motionnel, mental et spirituel. Dans sa forme la plus profonde, il peut nous \u00e9veiller \u00e0 la vraie sagesse, \u00e0 la joie et \u00e0 la compassion.<br><strong><br><\/strong>L&rsquo;association AnavadyaYoga, propose des cours de yoga&nbsp;avec Sri Devi (Rosette),<br>professeur&nbsp;diplom\u00e9e de la F\u00e9d\u00e9ration Fran\u00e7aise de Hatha Yoga, fond\u00e9e en 1968 par&nbsp;<strong>Shri Mahesh<\/strong>.<br>Elle a poursuivi son enseignement au pr\u00e8s de son&nbsp; son Ma\u00eetre,&nbsp;<strong>Swami Nischalananda&nbsp;Saraswati<\/strong>, fondateur du Mandala Ashram, au Pays de Galles, disciple de Paramahamsa Satyananda Saraswati, un des plus influents yogis&nbsp; contemporains, fondateur de la Bihar School of Yoga de Munger (Inde) et auteur de nombreux ouvrages de r\u00e9f\u00e9rence sur le yoga.<\/p>\n","protected":false},"excerpt":{"rendered":"<p>&nbsp;&nbsp;&nbsp;&nbsp;&nbsp;Le mot Anavadya signifie en sanscrit : irr\u00e9prochable, pure, sans t\u00e2che. Le yoga est une science infinie, dont l&rsquo;origine remonte \u00e0 des mill\u00e9naires, qui comprend une grande vari\u00e9t\u00e9 [&hellip;]<\/p>\n","protected":false},"author":1,"featured_media":0,"parent":0,"menu_order":0,"comment_status":"closed","ping_status":"closed","template":"","meta":{"footnotes":""},"class_list":["post-52","page","type-page","status-publish","hentry"],"_links":{"self":[{"href":"https:\/\/www.yogacorse.com\/index.php\/wp-json\/wp\/v2\/pages\/52","targetHints":{"allow":["GET"]}}],"collection":[{"href":"https:\/\/www.yogacorse.com\/index.php\/wp-json\/wp\/v2\/pages"}],"about":[{"href":"https:\/\/www.yogacorse.com\/index.php\/wp-json\/wp\/v2\/types\/page"}],"author":[{"embeddable":true,"href":"https:\/\/www.yogacorse.com\/index.php\/wp-json\/wp\/v2\/users\/1"}],"replies":[{"embeddable":true,"href":"https:\/\/www.yogacorse.com\/index.php\/wp-json\/wp\/v2\/comments?post=52"}],"version-history":[{"count":6,"href":"https:\/\/www.yogacorse.com\/index.php\/wp-json\/wp\/v2\/pages\/52\/revisions"}],"predecessor-version":[{"id":102,"href":"https:\/\/www.yogacorse.com\/index.php\/wp-json\/wp\/v2\/pages\/52\/revisions\/102"}],"wp:attachment":[{"href":"https:\/\/www.yogacorse.com\/index.php\/wp-json\/wp\/v2\/media?parent=52"}],"curies":[{"name":"wp","href":"https:\/\/api.w.org\/{rel}","templated":true}]}}